{"id":18,"date":"2024-04-11T17:19:57","date_gmt":"2024-04-11T17:19:57","guid":{"rendered":"https:\/\/www.glossyhair.fi\/?page_id=18"},"modified":"2025-05-07T13:14:04","modified_gmt":"2025-05-07T10:14:04","slug":"home","status":"publish","type":"page","link":"https:\/\/www.glossyhair.fi\/","title":{"rendered":"Glossy Hair"},"content":{"rendered":"\r\n<div class=\"wp-block-themepunch-revslider revslider\" data-modal=\"false\" data-slidertitle=\"404 Page Collection\">\n\t\t\t\t<p class=\"rs-p-wp-fix\"><\/p>\n\t\t\t\t<sr7-module data-alias=\"glossy-hair-closed\" data-id=\"17\" id=\"SR7_17_1\" class=\"rs-ov-hidden\" data-version=\"6.7.14\">\n\t\t\t\t\t<sr7-adjuster><\/sr7-adjuster>\n\t\t\t\t\t<sr7-content>\n\t\t\t\t\t\t<sr7-slide id=\"SR7_17_1-42\" data-key=\"42\">\n\t\t\t\t\t\t\t<sr7-txt id=\"SR7_17_1-42-33\" class=\"sr7-layer\">Moikka! Glossy Hair on \u00e4itiysloman johdosta toistaiseksi suljettuna. Ilmoitamme tulevaisuuden suunnitelmista sek\u00e4 n\u00e4ill\u00e4 sivuilla ett\u00e4 sosiaalisessa mediassa. Kiitos kaikille asiakkaille kuluneista vuosista!<\/sr7-txt>\n\t\t\t\t\t\t<\/sr7-slide>\n\t\t\t\t\t\t<sr7-slide id=\"SR7_17_1-43\" data-key=\"43\">\n\t\t\t\t\t\t<\/sr7-slide>\n\t\t\t\t\t<\/sr7-content>\n\t\t\t\t\t<image_lists style=\"display:none\">\n\t\t\t\t\t\t<img data-src=\"\/\/www.glossyhair.fi\/wp-content\/uploads\/2024\/04\/gh-logo-02-1.png\" data-libid=\"72\" data-lib=\"medialibrary\" title=\"gh-logo-02\" width=\"0\" height=\"0\" data-dbsrc=\"Ly93d3cuZ2xvc3N5aGFpci5maS93cC1jb250ZW50L3VwbG9hZHMvMjAyNC8wNC9naC1sb2dvLTAyLTEucG5n\"\/>\n\t\t\t\t\t\t<img data-src=\"\/\/www.glossyhair.fi\/wp-content\/uploads\/2024\/04\/gh-logo-01-2.png\" data-libid=\"71\" data-lib=\"medialibrary\" title=\"gh-logo-01\" width=\"0\" height=\"0\" data-dbsrc=\"Ly93d3cuZ2xvc3N5aGFpci5maS93cC1jb250ZW50L3VwbG9hZHMvMjAyNC8wNC9naC1sb2dvLTAxLTIucG5n\"\/>\n\t\t\t\t\t<\/image_lists>\n\t\t\t\t<\/sr7-module>\n\t\t\t\t<script>\n\t\t\t\t\tSR7.PMH ??={}; SR7.PMH[\"SR7_17_1\"] = {cn:0,state:false,fn: function() { if (_tpt!==undefined && _tpt.prepareModuleHeight !== undefined) {  _tpt.prepareModuleHeight({id:\"SR7_17_1\",el:[900,900,768,960,720],type:'standard',shdw:'0',gh:[900,900,768,960,720],gw:[1240,1240,1024,778,480],vpt:['100px&#039;,&#039;100px&#039;,&#039;100px&#039;,&#039;100px&#039;,&#039;100px'],size:{fullWidth:true, fullHeight:true},fho:',',mh:'0',onh:0,onw:0,bg:{color:'{\"orig\":\"transparent\",\"type\":\"solid\",\"string\":\"transparent\"}'}});   SR7.PMH[\"SR7_17_1\"].state=true;} else if((SR7.PMH[\"SR7_17_1\"].cn++)<100)\tsetTimeout( SR7.PMH[\"SR7_17_1\"].fn,19);}};SR7.PMH[\"SR7_17_1\" ].fn();\n\t\t\t\t<\/script>\n<\/div>\r\n\r\n<p>&nbsp;<\/p>","protected":false},"excerpt":{"rendered":"<p>&nbsp;<\/p>\n","protected":false},"author":1,"featured_media":0,"parent":0,"menu_order":0,"comment_status":"closed","ping_status":"closed","template":"..\/public\/views\/revslider-page-template.php","meta":{"footnotes":""},"_links":{"self":[{"href":"https:\/\/www.glossyhair.fi\/index.php?rest_route=\/wp\/v2\/pages\/18"}],"collection":[{"href":"https:\/\/www.glossyhair.fi\/index.php?rest_route=\/wp\/v2\/pages"}],"about":[{"href":"https:\/\/www.glossyhair.fi\/index.php?rest_route=\/wp\/v2\/types\/page"}],"author":[{"embeddable":true,"href":"https:\/\/www.glossyhair.fi\/index.php?rest_route=\/wp\/v2\/users\/1"}],"replies":[{"embeddable":true,"href":"https:\/\/www.glossyhair.fi\/index.php?rest_route=%2Fwp%2Fv2%2Fcomments&post=18"}],"version-history":[{"count":6,"href":"https:\/\/www.glossyhair.fi\/index.php?rest_route=\/wp\/v2\/pages\/18\/revisions"}],"predecessor-version":[{"id":252,"href":"https:\/\/www.glossyhair.fi\/index.php?rest_route=\/wp\/v2\/pages\/18\/revisions\/252"}],"wp:attachment":[{"href":"https:\/\/www.glossyhair.fi\/index.php?rest_route=%2Fwp%2Fv2%2Fmedia&parent=18"}],"curies":[{"name":"wp","href":"https:\/\/api.w.org\/{rel}","templated":true}]}}